{"id":35269,"date":"2025-08-11T11:14:14","date_gmt":"2025-08-11T09:14:14","guid":{"rendered":"https:\/\/zlatopoposti.si\/?post_type=product&#038;p=35269"},"modified":"2025-09-09T09:04:05","modified_gmt":"2025-09-09T07:04:05","slug":"krugerrand-zlatnik-1-oz-kopija","status":"publish","type":"product","link":"https:\/\/zlatopoposti.si\/bs\/izdelek\/krugerrand-zlatnik-1-oz-kopija\/","title":{"rendered":"Krugerrand zlatnik 1 oz (Kopija)"},"content":{"rendered":"<p>Proizvo\u0111a\u010d: Rand Refinery<br \/>\nProizvo\u0111a\u010d je certificiran sa strane LBMA organizacije (London Bullion Market Association)<br \/>\n\u010cisto\u0107a: 916,7\/1000<br \/>\nTe\u017eina: 33,93 grama<br \/>\nSadr\u017eaj zlata: 31,10 mm<br \/>\nPromjer: 32,77 mm<br \/>\nDebljina: 2,84 mm<br \/>\nPorez: Investiciono zlato je oslobo\u0111eno pla\u0107anja poreza po 118. i 119. \u010dlanu ZDDV<\/p>\n","protected":false},"excerpt":{"rendered":"Ju\u017enoafri\u010dki zlatnik od jedne unce je prvi investicioni zlatnik, koji je bio dostupan velikom broju investitora od 1967. godine dalje. Jo\u0161 i danas je veoma omiljen po cijelom svijetu. U Evropi se najbolje prodaje u Njema\u010dkoj. Posebno je omiljen kod izseljenika, koji preko njega \u0161tede te\u0161ko zara\u0111en novac.","protected":false},"featured_media":35279,"template":"","meta":{"_acf_changed":false},"product_brand":[],"product_cat":[171,172],"product_tag":[233],"class_list":{"0":"post-35269","1":"product","2":"type-product","3":"status-publish","4":"has-post-thumbnail","6":"product_cat-investicijski-zlatnici","7":"product_cat-specijalna-ponuda","8":"product_tag-juzna-afrika","10":"first","11":"instock","12":"purchasable","13":"product-type-simple"},"acf":[],"gallery_images":[34729],"jetpack_sharing_enabled":true,"_links":{"self":[{"href":"https:\/\/zlatopoposti.si\/bs\/wp-json\/wp\/v2\/product\/35269","targetHints":{"allow":["GET"]}}],"collection":[{"href":"https:\/\/zlatopoposti.si\/bs\/wp-json\/wp\/v2\/product"}],"about":[{"href":"https:\/\/zlatopoposti.si\/bs\/wp-json\/wp\/v2\/types\/product"}],"wp:featuredmedia":[{"embeddable":true,"href":"https:\/\/zlatopoposti.si\/bs\/wp-json\/wp\/v2\/media\/35279"}],"wp:attachment":[{"href":"https:\/\/zlatopoposti.si\/bs\/wp-json\/wp\/v2\/media?parent=35269"}],"wp:term":[{"taxonomy":"product_brand","embeddable":true,"href":"https:\/\/zlatopoposti.si\/bs\/wp-json\/wp\/v2\/product_brand?post=35269"},{"taxonomy":"product_cat","embeddable":true,"href":"https:\/\/zlatopoposti.si\/bs\/wp-json\/wp\/v2\/product_cat?post=35269"},{"taxonomy":"product_tag","embeddable":true,"href":"https:\/\/zlatopoposti.si\/bs\/wp-json\/wp\/v2\/product_tag?post=35269"}],"curies":[{"name":"wp","href":"https:\/\/api.w.org\/{rel}","templated":true}]}}