{"id":35216,"date":"2022-11-29T15:50:40","date_gmt":"2022-11-29T14:50:40","guid":{"rendered":"https:\/\/zlatopoposti.si\/?post_type=product&#038;p=35216"},"modified":"2025-09-09T09:04:04","modified_gmt":"2025-09-09T07:04:04","slug":"britannia-srebrni-1-oz","status":"publish","type":"product","link":"https:\/\/zlatopoposti.si\/bs\/izdelek\/britannia-srebrni-1-oz\/","title":{"rendered":"Britannia \u2013 srebrni 1 oz"},"content":{"rendered":"<p>\u010cisto\u0107a srebra: 99,9<br \/>\nUkupna masa srebra: 1 oz (31,103 grama)<br \/>\nNominalna vrijednost: 2 britanske funte<br \/>\nPromjer: 38,61 mm<\/p>\n","protected":false},"excerpt":{"rendered":"Srebrnjak Britannia je bio prvi evropski srebrnjak, predstavljen na tr\u017ei\u0161tu 1997. godine. Po uspje\u0161nom lansiranju srebrenjaka Ameri\u010dki orao i Kanadski javorov list, se je Velika Britanija odlu\u010dila za isti potez. Proizvodi ga Royal British Mint, koji je jedna od najstarijih kovnica na svijetu. Na kovanici je portret kraljice Elizabete II, a na zadnjoj strani je slika britanske boginje.","protected":false},"featured_media":34401,"comment_status":"closed","ping_status":"closed","template":"","meta":{"_acf_changed":false},"product_brand":[],"product_cat":[170],"product_tag":[240],"class_list":{"0":"post-35216","1":"product","2":"type-product","3":"status-publish","4":"has-post-thumbnail","6":"product_cat-investicijski-srebrnjaci","7":"product_tag-velika-britanija","9":"first","10":"instock","11":"taxable","12":"shipping-taxable","13":"purchasable","14":"product-type-simple"},"acf":[],"gallery_images":[34420],"jetpack_sharing_enabled":true,"_links":{"self":[{"href":"https:\/\/zlatopoposti.si\/bs\/wp-json\/wp\/v2\/product\/35216","targetHints":{"allow":["GET"]}}],"collection":[{"href":"https:\/\/zlatopoposti.si\/bs\/wp-json\/wp\/v2\/product"}],"about":[{"href":"https:\/\/zlatopoposti.si\/bs\/wp-json\/wp\/v2\/types\/product"}],"replies":[{"embeddable":true,"href":"https:\/\/zlatopoposti.si\/bs\/wp-json\/wp\/v2\/comments?post=35216"}],"wp:featuredmedia":[{"embeddable":true,"href":"https:\/\/zlatopoposti.si\/bs\/wp-json\/wp\/v2\/media\/34401"}],"wp:attachment":[{"href":"https:\/\/zlatopoposti.si\/bs\/wp-json\/wp\/v2\/media?parent=35216"}],"wp:term":[{"taxonomy":"product_brand","embeddable":true,"href":"https:\/\/zlatopoposti.si\/bs\/wp-json\/wp\/v2\/product_brand?post=35216"},{"taxonomy":"product_cat","embeddable":true,"href":"https:\/\/zlatopoposti.si\/bs\/wp-json\/wp\/v2\/product_cat?post=35216"},{"taxonomy":"product_tag","embeddable":true,"href":"https:\/\/zlatopoposti.si\/bs\/wp-json\/wp\/v2\/product_tag?post=35216"}],"curies":[{"name":"wp","href":"https:\/\/api.w.org\/{rel}","templated":true}]}}