{"id":35211,"date":"2025-12-15T11:49:40","date_gmt":"2025-12-15T10:49:40","guid":{"rendered":"https:\/\/zlatopoposti.si\/?post_type=product&#038;p=35211"},"modified":"2025-09-09T09:04:04","modified_gmt":"2025-09-09T07:04:04","slug":"srebrna-kineska-panda-30-g","status":"publish","type":"product","link":"https:\/\/zlatopoposti.si\/bs\/izdelek\/srebrna-kineska-panda-30-g\/","title":{"rendered":"Srebrna kineska panda  30 g"},"content":{"rendered":"<p>Kineska srebrna panda (kineski: \u718a\u732b\u94f6\u5e01; pinyin: xi\u00f3ngm\u0101o y\u00ednb\u00ec) je serija srebrnih kovanica, koje je izdala Narodna Republika Kina. Dizajn pande se svake godine mijenja i kuje u razli\u010ditim veli\u010dinama i apoenima, koji se kre\u0107u od 0,5 trojske unce do 1 kilograma. Od 2016. godine su te\u017eine pande pre\u0161le na metri\u010dki system. Te\u017eina kovanice od 1 trojske unce je bila smanjena na 30 grama, dok je te\u017eina kovanice od 5 unca smanjena na 150 grama. Izdana je tako\u0111e serija Gold Panda sa istim motivima kao i kovanice Silver Panda.<\/p>\n","protected":false},"excerpt":{"rendered":"Posebnost kineske srebrne pande je u tome, da svake godine mijenja dizajn pande na prednjoj strani kovanice, a na zadnjoj strani je reljef slavnog Tiantana, Nebeskog hrama u Pekingu. Jedinstven je i po nazubljenosti oboda, jer je nakovan pod uglom.","protected":false},"featured_media":36075,"template":"","meta":{"_acf_changed":false},"product_brand":[],"product_cat":[170],"product_tag":[234],"class_list":{"0":"post-35211","1":"product","2":"type-product","3":"status-publish","4":"has-post-thumbnail","6":"product_cat-investicijski-srebrnjaci","7":"product_tag-kina","9":"first","10":"instock","11":"taxable","12":"shipping-taxable","13":"purchasable","14":"product-type-simple"},"acf":[],"gallery_images":[36070],"jetpack_sharing_enabled":true,"_links":{"self":[{"href":"https:\/\/zlatopoposti.si\/bs\/wp-json\/wp\/v2\/product\/35211","targetHints":{"allow":["GET"]}}],"collection":[{"href":"https:\/\/zlatopoposti.si\/bs\/wp-json\/wp\/v2\/product"}],"about":[{"href":"https:\/\/zlatopoposti.si\/bs\/wp-json\/wp\/v2\/types\/product"}],"wp:featuredmedia":[{"embeddable":true,"href":"https:\/\/zlatopoposti.si\/bs\/wp-json\/wp\/v2\/media\/36075"}],"wp:attachment":[{"href":"https:\/\/zlatopoposti.si\/bs\/wp-json\/wp\/v2\/media?parent=35211"}],"wp:term":[{"taxonomy":"product_brand","embeddable":true,"href":"https:\/\/zlatopoposti.si\/bs\/wp-json\/wp\/v2\/product_brand?post=35211"},{"taxonomy":"product_cat","embeddable":true,"href":"https:\/\/zlatopoposti.si\/bs\/wp-json\/wp\/v2\/product_cat?post=35211"},{"taxonomy":"product_tag","embeddable":true,"href":"https:\/\/zlatopoposti.si\/bs\/wp-json\/wp\/v2\/product_tag?post=35211"}],"curies":[{"name":"wp","href":"https:\/\/api.w.org\/{rel}","templated":true}]}}