{"id":35210,"date":"2022-11-29T15:50:35","date_gmt":"2022-11-29T14:50:35","guid":{"rendered":"https:\/\/zlatopoposti.si\/?post_type=product&#038;p=35210"},"modified":"2025-09-09T09:04:04","modified_gmt":"2025-09-09T07:04:04","slug":"srebrna-poluga-1000-g","status":"publish","type":"product","link":"https:\/\/zlatopoposti.si\/bs\/izdelek\/srebrna-poluga-1000-g\/","title":{"rendered":"Srebrna poluga 1000 g"},"content":{"rendered":"<p>Masa: 1000 g (1KG)<br \/>\n\u010cisto\u0107a srebra: 99,9%<br \/>\nMjere (du\u017eina, \u0161irina, visina): ovisno od prodava\u010da<br \/>\nKovnica dobave: ovisno od raspolo\u017eivosti<br \/>\nHeraeus (Njema\u010dka), Argor Heraeus (\u0160vicarska)<br \/>\nUmicore (Belgija); Heimerle +Meule (Njema\u010dka)<\/p>\n","protected":false},"excerpt":{"rendered":"1 kg srebrne poluge su najpopularnije i najprodavanije srebrne poluge na evropskom a i na na\u0161em tr\u017ei\u0161tu. Njihova kompaktnost omogu\u010dava relativno jednostavno investiranje u fizi\u010dko srebro i ujedno veliku likvidnost u prodaji.","protected":false},"featured_media":34403,"template":"","meta":{"_acf_changed":false},"product_brand":[],"product_cat":[173],"product_tag":[241,235,237],"class_list":{"0":"post-35210","1":"product","2":"type-product","3":"status-publish","4":"has-post-thumbnail","6":"product_cat-srebrne-poluge","7":"product_tag-belgija-bs","8":"product_tag-njemacka","9":"product_tag-svicarska","11":"first","12":"instock","13":"taxable","14":"shipping-taxable","15":"purchasable","16":"product-type-simple"},"acf":[],"gallery_images":[33933],"jetpack_sharing_enabled":true,"_links":{"self":[{"href":"https:\/\/zlatopoposti.si\/bs\/wp-json\/wp\/v2\/product\/35210","targetHints":{"allow":["GET"]}}],"collection":[{"href":"https:\/\/zlatopoposti.si\/bs\/wp-json\/wp\/v2\/product"}],"about":[{"href":"https:\/\/zlatopoposti.si\/bs\/wp-json\/wp\/v2\/types\/product"}],"wp:featuredmedia":[{"embeddable":true,"href":"https:\/\/zlatopoposti.si\/bs\/wp-json\/wp\/v2\/media\/34403"}],"wp:attachment":[{"href":"https:\/\/zlatopoposti.si\/bs\/wp-json\/wp\/v2\/media?parent=35210"}],"wp:term":[{"taxonomy":"product_brand","embeddable":true,"href":"https:\/\/zlatopoposti.si\/bs\/wp-json\/wp\/v2\/product_brand?post=35210"},{"taxonomy":"product_cat","embeddable":true,"href":"https:\/\/zlatopoposti.si\/bs\/wp-json\/wp\/v2\/product_cat?post=35210"},{"taxonomy":"product_tag","embeddable":true,"href":"https:\/\/zlatopoposti.si\/bs\/wp-json\/wp\/v2\/product_tag?post=35210"}],"curies":[{"name":"wp","href":"https:\/\/api.w.org\/{rel}","templated":true}]}}