{"id":35209,"date":"2022-11-29T15:50:26","date_gmt":"2022-11-29T14:50:26","guid":{"rendered":"https:\/\/zlatopoposti.si\/?post_type=product&#038;p=35209"},"modified":"2025-09-09T09:04:07","modified_gmt":"2025-09-09T07:04:07","slug":"zlatnik-4-dukata","status":"publish","type":"product","link":"https:\/\/zlatopoposti.si\/bs\/izdelek\/zlatnik-4-dukata\/","title":{"rendered":"Zlatnik 4 Dukata"},"content":{"rendered":"<p>Proizvo\u0111a\u010d: Munze Ostereich<br \/>\nProizvo\u0111a\u010d je certificiran sa strane LBMA organizacije (London Bullion Market Association)<br \/>\n\u010cisto\u0107a 986,0\/1000<br \/>\nTe\u017eina: 13,96 grama<br \/>\nSadr\u017eaj zlata: 13,77 grama<br \/>\nPromjer: 39,5 mm<br \/>\nDebljina: 0,8 mm<br \/>\nPorez: Investiciono zlato je oslobo\u0111eno pla\u0107anja poreza po 118. i 119. \u010dlanu ZDDV<\/p>\n","protected":false},"excerpt":{"rendered":"Zlatnik 4 dukata je bio slu\u017ebeno sredstvo pla\u0107anja do 1915. godine na podru\u010dju cijele Ausrougarske i \u0161ire. Gledaju\u0107i na njegovu istoriju, predstavlja pouzdanu investiciju, a jo\u0161 i danas se proizvodi sa ugraviranom godinom 1915.","protected":false},"featured_media":34391,"comment_status":"closed","ping_status":"closed","template":"","meta":{"_acf_changed":false},"product_brand":[],"product_cat":[171],"product_tag":[232],"class_list":{"0":"post-35209","1":"product","2":"type-product","3":"status-publish","4":"has-post-thumbnail","6":"product_cat-investicijski-zlatnici","7":"product_tag-austrija","9":"first","10":"instock","11":"purchasable","12":"product-type-simple"},"acf":[],"gallery_images":[34769],"jetpack_sharing_enabled":true,"_links":{"self":[{"href":"https:\/\/zlatopoposti.si\/bs\/wp-json\/wp\/v2\/product\/35209","targetHints":{"allow":["GET"]}}],"collection":[{"href":"https:\/\/zlatopoposti.si\/bs\/wp-json\/wp\/v2\/product"}],"about":[{"href":"https:\/\/zlatopoposti.si\/bs\/wp-json\/wp\/v2\/types\/product"}],"replies":[{"embeddable":true,"href":"https:\/\/zlatopoposti.si\/bs\/wp-json\/wp\/v2\/comments?post=35209"}],"wp:featuredmedia":[{"embeddable":true,"href":"https:\/\/zlatopoposti.si\/bs\/wp-json\/wp\/v2\/media\/34391"}],"wp:attachment":[{"href":"https:\/\/zlatopoposti.si\/bs\/wp-json\/wp\/v2\/media?parent=35209"}],"wp:term":[{"taxonomy":"product_brand","embeddable":true,"href":"https:\/\/zlatopoposti.si\/bs\/wp-json\/wp\/v2\/product_brand?post=35209"},{"taxonomy":"product_cat","embeddable":true,"href":"https:\/\/zlatopoposti.si\/bs\/wp-json\/wp\/v2\/product_cat?post=35209"},{"taxonomy":"product_tag","embeddable":true,"href":"https:\/\/zlatopoposti.si\/bs\/wp-json\/wp\/v2\/product_tag?post=35209"}],"curies":[{"name":"wp","href":"https:\/\/api.w.org\/{rel}","templated":true}]}}