{"id":35208,"date":"2022-11-29T15:50:26","date_gmt":"2022-11-29T14:50:26","guid":{"rendered":"https:\/\/zlatopoposti.si\/?post_type=product&#038;p=35208"},"modified":"2025-09-09T09:04:07","modified_gmt":"2025-09-09T07:04:07","slug":"zlatni-filharmonicar-1-25-oz-124-g","status":"publish","type":"product","link":"https:\/\/zlatopoposti.si\/bs\/izdelek\/zlatni-filharmonicar-1-25-oz-124-g\/","title":{"rendered":"Zlatni Filharmoni\u010dar 1\/25 oz (1,24 g)"},"content":{"rendered":"<p>Proizvo\u0111a\u010d: Munze Osterreich<br \/>\nProizvo\u0111a\u010d je certificiran sa strane LBMA organizacije (London Bullion Market Association)<br \/>\n\u010cisto\u0107a: 999,9\/1000<br \/>\nTe\u017eina: 1,24 grama<br \/>\nPromjer: 13 mm<br \/>\nDebljina: 1 mm<br \/>\nPorez: Investiciono zlato je oslobo\u0111eno pla\u0107anja poreza po 118. i 119. \u010dlanu ZDDV<\/p>\n","protected":false},"excerpt":{"rendered":"1\/25 unce je najmanja moderna investiciona kovanica, drugi proizvo\u0111a\u0107i ne proizvode kovanice sa takvom te\u017einom. Je prikladna za poklon za svaku priliku i dostupna za svaki d\u017eep.","protected":false},"featured_media":34390,"comment_status":"closed","ping_status":"closed","template":"","meta":{"_acf_changed":false},"product_brand":[],"product_cat":[171],"product_tag":[232],"class_list":{"0":"post-35208","1":"product","2":"type-product","3":"status-publish","4":"has-post-thumbnail","6":"product_cat-investicijski-zlatnici","7":"product_tag-austrija","9":"first","10":"instock","11":"purchasable","12":"product-type-simple"},"acf":[],"gallery_images":[34766],"jetpack_sharing_enabled":true,"_links":{"self":[{"href":"https:\/\/zlatopoposti.si\/bs\/wp-json\/wp\/v2\/product\/35208","targetHints":{"allow":["GET"]}}],"collection":[{"href":"https:\/\/zlatopoposti.si\/bs\/wp-json\/wp\/v2\/product"}],"about":[{"href":"https:\/\/zlatopoposti.si\/bs\/wp-json\/wp\/v2\/types\/product"}],"replies":[{"embeddable":true,"href":"https:\/\/zlatopoposti.si\/bs\/wp-json\/wp\/v2\/comments?post=35208"}],"wp:featuredmedia":[{"embeddable":true,"href":"https:\/\/zlatopoposti.si\/bs\/wp-json\/wp\/v2\/media\/34390"}],"wp:attachment":[{"href":"https:\/\/zlatopoposti.si\/bs\/wp-json\/wp\/v2\/media?parent=35208"}],"wp:term":[{"taxonomy":"product_brand","embeddable":true,"href":"https:\/\/zlatopoposti.si\/bs\/wp-json\/wp\/v2\/product_brand?post=35208"},{"taxonomy":"product_cat","embeddable":true,"href":"https:\/\/zlatopoposti.si\/bs\/wp-json\/wp\/v2\/product_cat?post=35208"},{"taxonomy":"product_tag","embeddable":true,"href":"https:\/\/zlatopoposti.si\/bs\/wp-json\/wp\/v2\/product_tag?post=35208"}],"curies":[{"name":"wp","href":"https:\/\/api.w.org\/{rel}","templated":true}]}}