{"id":35206,"date":"2022-11-29T15:50:26","date_gmt":"2022-11-29T14:50:26","guid":{"rendered":"https:\/\/zlatopoposti.si\/?post_type=product&#038;p=35206"},"modified":"2025-09-09T09:04:06","modified_gmt":"2025-09-09T07:04:06","slug":"zlatni-filharmonicar-1-4-oz-778-g","status":"publish","type":"product","link":"https:\/\/zlatopoposti.si\/bs\/izdelek\/zlatni-filharmonicar-1-4-oz-778-g\/","title":{"rendered":"Zlatni Filharmoni\u010dar 1\/4 oz (7,78 g)"},"content":{"rendered":"<p>Proizvo\u0111a\u010d: Munze Osterreich<br \/>\nProizvo\u0111a\u010d je certificiran sa strane LBMA organizacije (London Bullion Market Association)<br \/>\n\u010cisto\u0107a: 999,9\/1000<br \/>\nTe\u017eina: 7,78 grama<br \/>\nPromjer: 22 mm<br \/>\nDebljina: 1,2 mm<br \/>\nPorez: Investiciono zlato je oslobo\u0111eno pla\u0107anja poreza po 118. i 119. \u010dlanu ZDDV<\/p>\n","protected":false},"excerpt":{"rendered":"Zlatni filharmoni\u010dar od \u00bc unce je idealna varijanta za mjese\u010dnu \u0161tednju. Uprkos tome da da je mali, jo\u0161 uvijek odr\u017eava dobar odnos cijene i te\u017eine.","protected":false},"featured_media":34388,"template":"","meta":{"_acf_changed":false},"product_brand":[],"product_cat":[171],"product_tag":[232],"class_list":{"0":"post-35206","1":"product","2":"type-product","3":"status-publish","4":"has-post-thumbnail","6":"product_cat-investicijski-zlatnici","7":"product_tag-austrija","9":"first","10":"instock","11":"purchasable","12":"product-type-simple"},"acf":[],"gallery_images":[34757],"jetpack_sharing_enabled":true,"_links":{"self":[{"href":"https:\/\/zlatopoposti.si\/bs\/wp-json\/wp\/v2\/product\/35206","targetHints":{"allow":["GET"]}}],"collection":[{"href":"https:\/\/zlatopoposti.si\/bs\/wp-json\/wp\/v2\/product"}],"about":[{"href":"https:\/\/zlatopoposti.si\/bs\/wp-json\/wp\/v2\/types\/product"}],"wp:featuredmedia":[{"embeddable":true,"href":"https:\/\/zlatopoposti.si\/bs\/wp-json\/wp\/v2\/media\/34388"}],"wp:attachment":[{"href":"https:\/\/zlatopoposti.si\/bs\/wp-json\/wp\/v2\/media?parent=35206"}],"wp:term":[{"taxonomy":"product_brand","embeddable":true,"href":"https:\/\/zlatopoposti.si\/bs\/wp-json\/wp\/v2\/product_brand?post=35206"},{"taxonomy":"product_cat","embeddable":true,"href":"https:\/\/zlatopoposti.si\/bs\/wp-json\/wp\/v2\/product_cat?post=35206"},{"taxonomy":"product_tag","embeddable":true,"href":"https:\/\/zlatopoposti.si\/bs\/wp-json\/wp\/v2\/product_tag?post=35206"}],"curies":[{"name":"wp","href":"https:\/\/api.w.org\/{rel}","templated":true}]}}