{"id":35200,"date":"2022-11-29T15:50:35","date_gmt":"2022-11-29T14:50:35","guid":{"rendered":"https:\/\/zlatopoposti.si\/?post_type=product&#038;p=35200"},"modified":"2025-09-09T09:04:05","modified_gmt":"2025-09-09T07:04:05","slug":"zlatni-javorov-list-1-10-oz","status":"publish","type":"product","link":"https:\/\/zlatopoposti.si\/bs\/izdelek\/zlatni-javorov-list-1-10-oz\/","title":{"rendered":"Zlatni javorov list 1\/10 oz"},"content":{"rendered":"<p>Proizvo\u0111a\u010d: Royal Canadian Mint<br \/>\nProizvo\u0111a\u010d je certificiran sa strane LBMA organizacije (London Bullion Market Association)<br \/>\n\u010cisto\u0107a: 999,99\/1000<br \/>\nTe\u017eina: 3,11 grama<br \/>\nPromjer: 16 mm<br \/>\nDebljina: 1,13 mm<br \/>\nPorez: Investiciono zlato je oslobo\u0111eno pla\u0107anja poreza po 118. i 119. \u010dlanu ZDDV<\/p>\n","protected":false},"excerpt":{"rendered":"Kanadski zlatnik od 1\/10 unce je prikladan poslovni poklon. \u010cesto se poklanja i kao jubilarna nagrada ili nagrada za posebna dostignu\u0107a.","protected":false},"featured_media":34383,"template":"","meta":{"_acf_changed":false},"product_brand":[],"product_cat":[171],"product_tag":[242],"class_list":{"0":"post-35200","1":"product","2":"type-product","3":"status-publish","4":"has-post-thumbnail","6":"product_cat-investicijski-zlatnici","7":"product_tag-kanada","9":"first","10":"instock","11":"purchasable","12":"product-type-simple"},"acf":[],"gallery_images":[34748],"jetpack_sharing_enabled":true,"_links":{"self":[{"href":"https:\/\/zlatopoposti.si\/bs\/wp-json\/wp\/v2\/product\/35200","targetHints":{"allow":["GET"]}}],"collection":[{"href":"https:\/\/zlatopoposti.si\/bs\/wp-json\/wp\/v2\/product"}],"about":[{"href":"https:\/\/zlatopoposti.si\/bs\/wp-json\/wp\/v2\/types\/product"}],"wp:featuredmedia":[{"embeddable":true,"href":"https:\/\/zlatopoposti.si\/bs\/wp-json\/wp\/v2\/media\/34383"}],"wp:attachment":[{"href":"https:\/\/zlatopoposti.si\/bs\/wp-json\/wp\/v2\/media?parent=35200"}],"wp:term":[{"taxonomy":"product_brand","embeddable":true,"href":"https:\/\/zlatopoposti.si\/bs\/wp-json\/wp\/v2\/product_brand?post=35200"},{"taxonomy":"product_cat","embeddable":true,"href":"https:\/\/zlatopoposti.si\/bs\/wp-json\/wp\/v2\/product_cat?post=35200"},{"taxonomy":"product_tag","embeddable":true,"href":"https:\/\/zlatopoposti.si\/bs\/wp-json\/wp\/v2\/product_tag?post=35200"}],"curies":[{"name":"wp","href":"https:\/\/api.w.org\/{rel}","templated":true}]}}