{"id":35199,"date":"2022-11-29T15:50:35","date_gmt":"2022-11-29T14:50:35","guid":{"rendered":"https:\/\/zlatopoposti.si\/?post_type=product&#038;p=35199"},"modified":"2025-09-09T09:04:05","modified_gmt":"2025-09-09T07:04:05","slug":"americki-bizon-american-buffalo-1-oz","status":"publish","type":"product","link":"https:\/\/zlatopoposti.si\/bs\/izdelek\/americki-bizon-american-buffalo-1-oz\/","title":{"rendered":"Ameri\u010dki bizon (American buffalo) 1 oz"},"content":{"rendered":"<p>Proizvo\u0111a\u010d: US Royal Mint<br \/>\nProizvo\u0111a\u010d je certificiran sa strane LBMA organizacije (London Bullion Market Association)<br \/>\n\u010cisto\u0107a: 999,9\/1000<br \/>\nTe\u017eina: 31,10 grama<br \/>\nPromjer 32,7 mm<br \/>\nDebljina: 2,95 mm<br \/>\nPorez: Investiciono zlato je oslobo\u0111eno pla\u0107anja poreza po 118. i 119. \u010dlanu ZDDV<\/p>\n<p>&nbsp;<\/p>\n<p>Zlatnik ameri\u010dki bizon temelji na kipu poznatog kipara Jamesa Earla Frasera i prvi put je bio proizveden junija 2006. godine. Odra\u017eava istoriju ameri\u010dke granice. Vrijedi za prvu 24-karatnu kovanicu iz \u010distog zlata u SAD. Na prednjoj strani je prikazan profil ameri\u010dkog domorodca, a inspiraciju je umjetnik dobio od poglavica Sijuksa i \u0160ajena. Le\u0111nu stranu ponosno krasi ameri\u010dki bizon. On je simbol stare granice, oblikovan je bio po bizonu sa imenom \u00bbCrni dijamant\u00ab, koji je u pro\u0161lom stolje\u0107u \u017eivio u newyor\u0161kom zoolo\u0161kom vrtu. Danas se za izradu zlatnika Ameri\u010dki bizon upotrebljava samo zlato koje poti\u010de iz novootkrivenih resursa u SAD.<\/p>\n","protected":false},"excerpt":{"rendered":"To je prvi ameri\u010dki zlatnik sa najve\u010dom \u010disto\u0107om zlata, Ima izuzetno zanimljiv dizajn sa dubokim reljefom i motivom autohtonog \u017eitelja Sjedinjenih Ameri\u010dkih Dr\u017eava i ameri\u010dkog bizona na zadnjoj strani. Smatra se najpresti\u017enijim u grupi ameri\u010dkih zlatnika i izra\u0111uju ga u manjim koli\u010dinama, a samo u grama\u017ei od 1 unce.","protected":false},"featured_media":34382,"template":"","meta":{"_acf_changed":false},"product_brand":[],"product_cat":[171],"product_tag":[239],"class_list":{"0":"post-35199","1":"product","2":"type-product","3":"status-publish","4":"has-post-thumbnail","6":"product_cat-investicijski-zlatnici","7":"product_tag-usa","9":"first","10":"instock","11":"purchasable","12":"product-type-simple"},"acf":[],"gallery_images":[],"jetpack_sharing_enabled":true,"_links":{"self":[{"href":"https:\/\/zlatopoposti.si\/bs\/wp-json\/wp\/v2\/product\/35199","targetHints":{"allow":["GET"]}}],"collection":[{"href":"https:\/\/zlatopoposti.si\/bs\/wp-json\/wp\/v2\/product"}],"about":[{"href":"https:\/\/zlatopoposti.si\/bs\/wp-json\/wp\/v2\/types\/product"}],"wp:featuredmedia":[{"embeddable":true,"href":"https:\/\/zlatopoposti.si\/bs\/wp-json\/wp\/v2\/media\/34382"}],"wp:attachment":[{"href":"https:\/\/zlatopoposti.si\/bs\/wp-json\/wp\/v2\/media?parent=35199"}],"wp:term":[{"taxonomy":"product_brand","embeddable":true,"href":"https:\/\/zlatopoposti.si\/bs\/wp-json\/wp\/v2\/product_brand?post=35199"},{"taxonomy":"product_cat","embeddable":true,"href":"https:\/\/zlatopoposti.si\/bs\/wp-json\/wp\/v2\/product_cat?post=35199"},{"taxonomy":"product_tag","embeddable":true,"href":"https:\/\/zlatopoposti.si\/bs\/wp-json\/wp\/v2\/product_tag?post=35199"}],"curies":[{"name":"wp","href":"https:\/\/api.w.org\/{rel}","templated":true}]}}