{"id":35189,"date":"2022-11-29T15:50:35","date_gmt":"2022-11-29T14:50:35","guid":{"rendered":"https:\/\/zlatopoposti.si\/?post_type=product&#038;p=35189"},"modified":"2025-09-09T09:04:05","modified_gmt":"2025-09-09T07:04:05","slug":"krugerrand-zlatnik-1-2-oz","status":"publish","type":"product","link":"https:\/\/zlatopoposti.si\/bs\/izdelek\/krugerrand-zlatnik-1-2-oz\/","title":{"rendered":"Krugerrand zlatnik 1\/2 oz"},"content":{"rendered":"<p>Proizvo\u0111a\u010d: Rand Refinery<br \/>\nProizvo\u0111a\u010d je certificiran sa strane LBMA organizacije (London Bullion Market Association)<br \/>\n\u010cisto\u0107a: 916,7\/1000<br \/>\nTe\u017eina: 16,97 grama<br \/>\nSadr\u017eaj zlata: 15,55 grama<br \/>\nPromjer: 27 mm<br \/>\nDebljina: 2,2 mm<br \/>\nPorez: Investiciono zlato je oslobo\u0111eno pla\u0107anja poreza po 118. i 119. \u010dlanu ZDDV<\/p>\n","protected":false},"excerpt":{"rendered":"Manji Krugerrand zlatnici se proizvode od 1980. godine dalje i tako su, kao i izvorni zlatnik, postali omiljeni kod kupaca ju\u017enoafri\u010dkih zlatnika. Afri\u010dki zlatnik od pola unce je isto tako kao i zlatni filharmoni\u010dar od pola unce, popularan za postepenu \u0161tednju i drgocjen poklon.","protected":false},"featured_media":34373,"template":"","meta":{"_acf_changed":false},"product_brand":[],"product_cat":[171],"product_tag":[233],"class_list":{"0":"post-35189","1":"product","2":"type-product","3":"status-publish","4":"has-post-thumbnail","6":"product_cat-investicijski-zlatnici","7":"product_tag-juzna-afrika","9":"first","10":"instock","11":"purchasable","12":"product-type-simple"},"acf":[],"gallery_images":[34731],"jetpack_sharing_enabled":true,"_links":{"self":[{"href":"https:\/\/zlatopoposti.si\/bs\/wp-json\/wp\/v2\/product\/35189","targetHints":{"allow":["GET"]}}],"collection":[{"href":"https:\/\/zlatopoposti.si\/bs\/wp-json\/wp\/v2\/product"}],"about":[{"href":"https:\/\/zlatopoposti.si\/bs\/wp-json\/wp\/v2\/types\/product"}],"wp:featuredmedia":[{"embeddable":true,"href":"https:\/\/zlatopoposti.si\/bs\/wp-json\/wp\/v2\/media\/34373"}],"wp:attachment":[{"href":"https:\/\/zlatopoposti.si\/bs\/wp-json\/wp\/v2\/media?parent=35189"}],"wp:term":[{"taxonomy":"product_brand","embeddable":true,"href":"https:\/\/zlatopoposti.si\/bs\/wp-json\/wp\/v2\/product_brand?post=35189"},{"taxonomy":"product_cat","embeddable":true,"href":"https:\/\/zlatopoposti.si\/bs\/wp-json\/wp\/v2\/product_cat?post=35189"},{"taxonomy":"product_tag","embeddable":true,"href":"https:\/\/zlatopoposti.si\/bs\/wp-json\/wp\/v2\/product_tag?post=35189"}],"curies":[{"name":"wp","href":"https:\/\/api.w.org\/{rel}","templated":true}]}}