{"id":35188,"date":"2022-11-29T15:50:35","date_gmt":"2022-11-29T14:50:35","guid":{"rendered":"https:\/\/zlatopoposti.si\/?post_type=product&#038;p=35188"},"modified":"2025-09-09T09:04:05","modified_gmt":"2025-09-09T07:04:05","slug":"krugerrand-zlatnik-1-4-oz","status":"publish","type":"product","link":"https:\/\/zlatopoposti.si\/bs\/izdelek\/krugerrand-zlatnik-1-4-oz\/","title":{"rendered":"Krugerrand zlatnik 1\/4 oz"},"content":{"rendered":"<p>Proizvo\u017ea\u010d: Rand Refinery<br \/>\nProizvo\u0111a\u010d je certificiran sa strane LBMA organizacije (London Bullion Market Association)<br \/>\n\u010cisto\u0107a: 916,7\/1000<br \/>\nTe\u017eina: 8,84 grama<br \/>\nSadr\u017eaj zlata 7,78 grama<br \/>\nPromjer: 22 mm<br \/>\nDebljina: 1,8 mm<br \/>\nPorez: Investiciono zlato je oslobo\u0111eno pla\u0107anja poreza po 118. i 119. \u010dlanu ZDDV<\/p>\n","protected":false},"excerpt":{"rendered":"Krugerrand zlatnik \u010detvrt unce je\u00a0 me\u0111u obo\u017eavaocima Krugerrandovih zlatnika veoma popularna grama\u017ea za mjese\u010dnu \u0161tednju. Sa prisustvom bakra u kovanici se naglasi egzoti\u010dnost porijekla zlatnika a ujedno je preopoznatljiva njegova boja.","protected":false},"featured_media":34372,"comment_status":"closed","ping_status":"closed","template":"","meta":{"_acf_changed":false},"product_brand":[],"product_cat":[171],"product_tag":[233],"class_list":{"0":"post-35188","1":"product","2":"type-product","3":"status-publish","4":"has-post-thumbnail","6":"product_cat-investicijski-zlatnici","7":"product_tag-juzna-afrika","9":"first","10":"instock","11":"purchasable","12":"product-type-simple"},"acf":[],"gallery_images":[34729],"jetpack_sharing_enabled":true,"_links":{"self":[{"href":"https:\/\/zlatopoposti.si\/bs\/wp-json\/wp\/v2\/product\/35188","targetHints":{"allow":["GET"]}}],"collection":[{"href":"https:\/\/zlatopoposti.si\/bs\/wp-json\/wp\/v2\/product"}],"about":[{"href":"https:\/\/zlatopoposti.si\/bs\/wp-json\/wp\/v2\/types\/product"}],"replies":[{"embeddable":true,"href":"https:\/\/zlatopoposti.si\/bs\/wp-json\/wp\/v2\/comments?post=35188"}],"wp:featuredmedia":[{"embeddable":true,"href":"https:\/\/zlatopoposti.si\/bs\/wp-json\/wp\/v2\/media\/34372"}],"wp:attachment":[{"href":"https:\/\/zlatopoposti.si\/bs\/wp-json\/wp\/v2\/media?parent=35188"}],"wp:term":[{"taxonomy":"product_brand","embeddable":true,"href":"https:\/\/zlatopoposti.si\/bs\/wp-json\/wp\/v2\/product_brand?post=35188"},{"taxonomy":"product_cat","embeddable":true,"href":"https:\/\/zlatopoposti.si\/bs\/wp-json\/wp\/v2\/product_cat?post=35188"},{"taxonomy":"product_tag","embeddable":true,"href":"https:\/\/zlatopoposti.si\/bs\/wp-json\/wp\/v2\/product_tag?post=35188"}],"curies":[{"name":"wp","href":"https:\/\/api.w.org\/{rel}","templated":true}]}}