{"id":35181,"date":"2022-11-29T15:50:26","date_gmt":"2022-11-29T14:50:26","guid":{"rendered":"https:\/\/zlatopoposti.si\/?post_type=product&#038;p=35181"},"modified":"2025-09-09T09:04:07","modified_gmt":"2025-09-09T07:04:07","slug":"2-g-zlatna-poluga","status":"publish","type":"product","link":"https:\/\/zlatopoposti.si\/bs\/izdelek\/2-g-zlatna-poluga\/","title":{"rendered":"2 g zlatna poluga"},"content":{"rendered":"<p>Proizvo\u0111a\u010di: Argor Heraeus, Heraeus, Munze, Valcambi; umicore<br \/>\nVsi proizvo\u0111a\u0107i su certificirani sa strane LBMA organizacije (London Bullion Market Association)<br \/>\n\u010cisto\u0107a: 999,9\/1000<br \/>\nTe\u017eina: 2 grama<br \/>\nPorez: Investiciono zlato je oslobo\u0111eno pla\u0107anja poreza po 118. i 119. \u010dlanu ZDDV<\/p>\n","protected":false},"excerpt":{"rendered":"2 gramska zlatna poluga je najpopularniji proizvod me\u0111u investicijskim polugama za poklon. Radi se o kupovini investicijskog zlata, koje je dostupno svakom i jeftinija je od 1 gramske poluge.","protected":false},"featured_media":34365,"comment_status":"closed","ping_status":"closed","template":"","meta":{"_acf_changed":false},"product_brand":[],"product_cat":[174],"product_tag":[232,235,237],"class_list":{"0":"post-35181","1":"product","2":"type-product","3":"status-publish","4":"has-post-thumbnail","6":"product_cat-zlatne-poluge","7":"product_tag-austrija","8":"product_tag-njemacka","9":"product_tag-svicarska","11":"first","12":"instock","13":"purchasable","14":"product-type-simple"},"acf":[],"gallery_images":[34414,34415,34413],"jetpack_sharing_enabled":true,"_links":{"self":[{"href":"https:\/\/zlatopoposti.si\/bs\/wp-json\/wp\/v2\/product\/35181","targetHints":{"allow":["GET"]}}],"collection":[{"href":"https:\/\/zlatopoposti.si\/bs\/wp-json\/wp\/v2\/product"}],"about":[{"href":"https:\/\/zlatopoposti.si\/bs\/wp-json\/wp\/v2\/types\/product"}],"replies":[{"embeddable":true,"href":"https:\/\/zlatopoposti.si\/bs\/wp-json\/wp\/v2\/comments?post=35181"}],"wp:featuredmedia":[{"embeddable":true,"href":"https:\/\/zlatopoposti.si\/bs\/wp-json\/wp\/v2\/media\/34365"}],"wp:attachment":[{"href":"https:\/\/zlatopoposti.si\/bs\/wp-json\/wp\/v2\/media?parent=35181"}],"wp:term":[{"taxonomy":"product_brand","embeddable":true,"href":"https:\/\/zlatopoposti.si\/bs\/wp-json\/wp\/v2\/product_brand?post=35181"},{"taxonomy":"product_cat","embeddable":true,"href":"https:\/\/zlatopoposti.si\/bs\/wp-json\/wp\/v2\/product_cat?post=35181"},{"taxonomy":"product_tag","embeddable":true,"href":"https:\/\/zlatopoposti.si\/bs\/wp-json\/wp\/v2\/product_tag?post=35181"}],"curies":[{"name":"wp","href":"https:\/\/api.w.org\/{rel}","templated":true}]}}