{"id":35177,"date":"2022-11-29T15:50:26","date_gmt":"2022-11-29T14:50:26","guid":{"rendered":"https:\/\/zlatopoposti.si\/?post_type=product&#038;p=35177"},"modified":"2025-09-09T09:04:06","modified_gmt":"2025-09-09T07:04:06","slug":"20-g-zlatna-poluga","status":"publish","type":"product","link":"https:\/\/zlatopoposti.si\/bs\/izdelek\/20-g-zlatna-poluga\/","title":{"rendered":"20 g zlatna poluga"},"content":{"rendered":"<p>Proizvo\u0111a\u010di: Argor Heraeus, Munze, Valcambi, Umicore<br \/>\nVsi proizvo\u0111a\u0107i su certificirani sa strane LBMA organizacije (<a href=\"https:\/\/www.lbma.org.uk\/\" target=\"_blank\" rel=\"noopener\">London Bullion Market Association<\/a>)<br \/>\n\u010cisto\u0107a: 999,9\/1000<br \/>\nTe\u017eina: 20 grama<br \/>\nPorez: Investiciono zlato je oslobo\u0111eno pla\u0107anja poreza po 118. i 119. \u010dlanu ZDDV-1<\/p>\n","protected":false},"excerpt":{"rendered":"20 gramske plo\u010dice su povoljan izbor za nove kupce i stalne investitore. Najprikladnije su za postupno investiranje i za uspostavljanje ravnote\u017ee izmedju velikih i malih poluga.","protected":false},"featured_media":34361,"template":"","meta":{"_acf_changed":false},"product_brand":[],"product_cat":[174],"product_tag":[232,235,237],"class_list":{"0":"post-35177","1":"product","2":"type-product","3":"status-publish","4":"has-post-thumbnail","6":"product_cat-zlatne-poluge","7":"product_tag-austrija","8":"product_tag-njemacka","9":"product_tag-svicarska","11":"first","12":"instock","13":"purchasable","14":"product-type-simple"},"acf":[],"gallery_images":[33859,33860,33861],"jetpack_sharing_enabled":true,"_links":{"self":[{"href":"https:\/\/zlatopoposti.si\/bs\/wp-json\/wp\/v2\/product\/35177","targetHints":{"allow":["GET"]}}],"collection":[{"href":"https:\/\/zlatopoposti.si\/bs\/wp-json\/wp\/v2\/product"}],"about":[{"href":"https:\/\/zlatopoposti.si\/bs\/wp-json\/wp\/v2\/types\/product"}],"wp:featuredmedia":[{"embeddable":true,"href":"https:\/\/zlatopoposti.si\/bs\/wp-json\/wp\/v2\/media\/34361"}],"wp:attachment":[{"href":"https:\/\/zlatopoposti.si\/bs\/wp-json\/wp\/v2\/media?parent=35177"}],"wp:term":[{"taxonomy":"product_brand","embeddable":true,"href":"https:\/\/zlatopoposti.si\/bs\/wp-json\/wp\/v2\/product_brand?post=35177"},{"taxonomy":"product_cat","embeddable":true,"href":"https:\/\/zlatopoposti.si\/bs\/wp-json\/wp\/v2\/product_cat?post=35177"},{"taxonomy":"product_tag","embeddable":true,"href":"https:\/\/zlatopoposti.si\/bs\/wp-json\/wp\/v2\/product_tag?post=35177"}],"curies":[{"name":"wp","href":"https:\/\/api.w.org\/{rel}","templated":true}]}}