{"id":35167,"date":"2025-01-29T13:50:26","date_gmt":"2025-01-29T12:50:26","guid":{"rendered":"https:\/\/zlatopoposti.si\/?post_type=product&#038;p=35167"},"modified":"2025-09-09T09:04:06","modified_gmt":"2025-09-09T07:04:06","slug":"250-g-zlatne-poluge","status":"publish","type":"product","link":"https:\/\/zlatopoposti.si\/bs\/izdelek\/250-g-zlatne-poluge\/","title":{"rendered":"250 g zlatne poluge"},"content":{"rendered":"<p>Proizvo\u0111a\u010di: Argor Heraeus, Heraeus, Munze, <a href=\"https:\/\/www.valcambi.com\/home\/\" target=\"_blank\" rel=\"noopener\">Valcambi<\/a>, Umicore<br \/>\nVsi proizvo\u0111a\u0107i su certificirani sa strane LBMA organizacije (London Bullion Market Association)<br \/>\n\u010cisto\u0107a: 999,9\/1000<br \/>\nTe\u017eina: 250 grama<br \/>\nPorez: Investiciono zlato je oslobo\u0111eno pla\u0107anja poreza po 118. i 119. \u010dlanu ZDDV-1<\/p>\n","protected":false},"excerpt":{"rendered":"250 gramske zlatne poluge su najbolji izbor me\u0111u velikim polugama, jer odr\u017eavaju odli\u010dnu cijenu, imaju tradicionalni izgled i brzu isporuku. Ako \u017eelite zamijeniti dio va\u0161ih kapitalnih ulaganja kao \u0161to su: vrijednosni papiri, dionicei ili investicijski fondovi, sa stabilnim ulaganjem bez poreskih optere\u0107enja, je 250 gramska zlatna poluga sigurno dobar izbor.","protected":false},"featured_media":34353,"comment_status":"closed","ping_status":"closed","template":"","meta":{"_acf_changed":false},"product_brand":[],"product_cat":[174],"product_tag":[232,235,237],"class_list":{"0":"post-35167","1":"product","2":"type-product","3":"status-publish","4":"has-post-thumbnail","6":"product_cat-zlatne-poluge","7":"product_tag-austrija","8":"product_tag-njemacka","9":"product_tag-svicarska","11":"first","12":"instock","13":"purchasable","14":"product-type-simple"},"acf":[],"gallery_images":[34410,34411,34409],"jetpack_sharing_enabled":true,"_links":{"self":[{"href":"https:\/\/zlatopoposti.si\/bs\/wp-json\/wp\/v2\/product\/35167","targetHints":{"allow":["GET"]}}],"collection":[{"href":"https:\/\/zlatopoposti.si\/bs\/wp-json\/wp\/v2\/product"}],"about":[{"href":"https:\/\/zlatopoposti.si\/bs\/wp-json\/wp\/v2\/types\/product"}],"replies":[{"embeddable":true,"href":"https:\/\/zlatopoposti.si\/bs\/wp-json\/wp\/v2\/comments?post=35167"}],"wp:featuredmedia":[{"embeddable":true,"href":"https:\/\/zlatopoposti.si\/bs\/wp-json\/wp\/v2\/media\/34353"}],"wp:attachment":[{"href":"https:\/\/zlatopoposti.si\/bs\/wp-json\/wp\/v2\/media?parent=35167"}],"wp:term":[{"taxonomy":"product_brand","embeddable":true,"href":"https:\/\/zlatopoposti.si\/bs\/wp-json\/wp\/v2\/product_brand?post=35167"},{"taxonomy":"product_cat","embeddable":true,"href":"https:\/\/zlatopoposti.si\/bs\/wp-json\/wp\/v2\/product_cat?post=35167"},{"taxonomy":"product_tag","embeddable":true,"href":"https:\/\/zlatopoposti.si\/bs\/wp-json\/wp\/v2\/product_tag?post=35167"}],"curies":[{"name":"wp","href":"https:\/\/api.w.org\/{rel}","templated":true}]}}