{"id":34442,"date":"2021-07-27T14:03:50","date_gmt":"2021-07-27T12:03:50","guid":{"rendered":"https:\/\/zlatopoposti.si\/splosni-pogoji-poslovanja\/"},"modified":"2026-02-16T13:02:27","modified_gmt":"2026-02-16T12:02:27","slug":"splosni-pogoji-poslovanja","status":"publish","type":"page","link":"https:\/\/zlatopoposti.si\/bs\/splosni-pogoji-poslovanja\/","title":{"rendered":"Splo\u0161ni pogoji poslovanja"},"content":{"rendered":"\t\t<div data-elementor-type=\"wp-page\" data-elementor-id=\"34442\" class=\"elementor elementor-34442 elementor-18\" data-elementor-post-type=\"page\">\n\t\t\t\t\t\t<section class=\"elementor-section elementor-top-section elementor-element elementor-element-c6b830a elementor-section-boxed elementor-section-height-default elementor-section-height-default\" data-id=\"c6b830a\" data-element_type=\"section\" data-e-type=\"section\">\n\t\t\t\t\t\t<div class=\"elementor-container elementor-column-gap-no\">\n\t\t\t\t\t<div class=\"elementor-column elementor-col-100 elementor-top-column elementor-element elementor-element-658e639\" data-id=\"658e639\" data-element_type=\"column\" data-e-type=\"column\">\n\t\t\t<div class=\"elementor-widget-wrap elementor-element-populated\">\n\t\t\t\t\t\t<div class=\"elementor-element elementor-element-8911c25 elementor-widget elementor-widget-text-editor\" data-id=\"8911c25\" data-element_type=\"widget\" data-e-type=\"widget\" data-widget_type=\"text-editor.default\">\n\t\t\t\t<div class=\"elementor-widget-container\">\n\t\t\t\t\t\t\t\t\t<p><strong>SPLO\u0160NI POGOJI POSLOVANJA V SPLETNI\u00a0 TRGOVINI<\/strong>\u00a0<strong><a href=\"http:\/\/www.zlatopoposti.si\/\">WWW.ZLATOPOPOSTI.SI<\/a><\/strong><\/p><p>Ti splo\u0161ni pogoji veljajo za vsakega uporabnika (v nadaljevanju: uporabnik), ki obi\u0161\u010de oziroma uporablja spletno mesto <a href=\"http:\/\/www.zlatopoposti.si\/\">www.zlatopoposti.si<\/a>, ki je v \u010dasu sprejetja teh splo\u0161nih pogojev dostopno na spletnem naslovu <a href=\"http:\/\/www.zlatopoposti.si\/\">www.zlatopoposti.si<\/a>\u00a0 (v nadaljevanju: spletno mesto) in s katerim upravlja dru\u017eba EKO ZLATO d.o.o., Tehnolo\u0161ki park 20, 1000 Ljubljana (v nadaljevanju: ponudnik).<\/p><p>Ti splo\u0161ni pogoji veljajo za celotno spletno mesto. Poleg teh splo\u0161nih pogojev lahko za dolo\u010dene dele spletnega mesta, podstrani ali za dolo\u010dene uporabnike veljajo \u0161e posebni pogoji ali pravna obvestila.<\/p><p>Z uporabo spletnega mesta uporabnik potrjuje, da sprejema te splo\u0161ne pogoje in se strinja z vsemi njihovimi dolo\u010dbami ter da je seznanjen s Politiko varovanja osebnih podatkov in zasebnosti .<\/p><p>Ti splo\u0161ni pogoji se lahko kadarkoli spremenijo ali dopolnijo brez vnaprej\u0161njega opozorila ali obvestila. Z uporabo spletnega mesta pod spremenjenimi pogoji uporabnik potrjuje, da sogla\u0161a s spremembami.<\/p><p><strong>Informacije o ponudniku in kontakt<\/strong><br \/>EKO ZLATO d.o.o., Tehnolo\u0161ki park 20, 1000 Ljubljana<br \/>E-naslov (naslov, kamor lahko uporabnik po\u0161lje svoje ugovore, pripombe, zahtevke in izjave):\u00a0<a href=\"mailto:prodaja@zlatopoposti.si\">prodaja@zlatopoposti.si<\/a><br \/>Mati\u010dna \u0161tevilka: 9353887000<br \/>Dav\u010dna \u0161tevilka: 53822315.<br \/>TRR: SI56 0284 3026 4740 534, NLB<\/p><p><strong>Uporaba spletnega mesta<\/strong><br \/>Uporabnik se zavezuje, da bo spletno mesto uporabljal zakonito in na obi\u010dajen na\u010din, v skladu z namenom spletnega mesta.<\/p><p>\u010ce uporabnik spletno mesto uporablja v nasprotju s prej\u0161njim odstavkom, mu lahko ponudnik za\u010dasno ali trajno (glede na te\u017eo kr\u0161itve) onemogo\u010di dostop do portala.<\/p><p>Z uporabo spletnega mesta med uporabnikom in ponudnikom ne nastane nobena pogodba in noben pogodben odnos. Uporabnik zaradi uporabe spletnega mesta razen obveznosti, ki so navedene v teh pogojih, nima nobenih drugih obveznosti.<\/p><p>Ponudnik si pridr\u017euje pravico, da dostop do portala, dolo\u010denih delov portala ali posameznih funkcionalnosti na portalu kadarkoli omeji (npr. samo za registrirane uporabnike ali naro\u010dnike) ali ve\u017ee na izpolnitev dolo\u010denih pogojev.<\/p><p><strong>Predstavitev izdelkov in a\u017eurnost podatkov<\/strong><br \/>Slike izdelkov v spletni trgovini ali kjerkoli na spletnem mestu so simboli\u010dne in ne zagotavljajo njihovih lastnosti. Ponudnik si pridr\u017euje pravico do manj\u0161ih odstopanj med opisi in dejanskimi lastnostmi izdelkov. Ponudnik ni vezan na opis proizvoda ali objavljeno ceno izdelka, \u010de je opis ali cena posledica napake pri vnosu ali \u010de je do napa\u010dnega opisa ali cene pri\u0161lo brez volje ponudnika.<\/p><p>Ponudnik bo sku\u0161al \u010dim bolje skrbeti za a\u017eurnost in pravilnost podatkov, ki so navedeni na spletu. Kljub temu pa se lastnosti izdelkov, dobavni rok ter cena spreminjajo, zato obstaja minimalna mo\u017enost, da ponudnik ne utegne so\u010dasno s spremembo popraviti podatkov na spletnih straneh. V takem primeru se kupca obvesti o spremembah ter omogo\u010di preklic naro\u010dila ali pa zamenjavo naro\u010denega izdelka.<\/p><p><strong>Cene izdelkov in stro\u0161ki\u00a0 dostave<\/strong><br \/>Vse objavljene cene izdelkov v spletni trgovini so z davkom na dodano vrednost (DDV), in sicer po vsakokrat veljavni dav\u010dni stopnji, razen kjer je izrecno navedeno, da cena ne vsebuje DDV.<br \/>Cene izdelkov na spletnih straneh\u00a0<a href=\"http:\/\/www.zlatopoposti.si\/\">www.zlatopoposti.si<\/a>\u00a0veljajo v trenutku oddaje naro\u010dila in veljajo do dne objave novega cenika. Cene veljajo samo za nakup preko spletne trgovine\u00a0<a href=\"http:\/\/www.zlatopoposti.si\/\">www.zlatopoposti.si<\/a>.<\/p><p>Cene izdelkov, objavljene v spletni trgovini ne vsebujejo stro\u0161kov dostave. Stro\u0161ki dostave se obra\u010dunajo posebej in sicer po ceniku Po\u0161te Slovenije z dodanimi stro\u0161ki pakirnega materiala.<\/p><p><strong>Na\u010din pla\u010dila<\/strong><br \/>Uporabnik lahko kupljene izdelke pla\u010da na naslednje na\u010dine:<\/p><p><strong>&#8211; S pla\u010dilom po predra\u010dunu<\/strong>, kjer uporabnik poravna kupnino v roku treh (3) delovnih dni na transakcijski ra\u010dun ponudnika. Kupec prejme predra\u010dun z vsemi potrebnimi podatki za pla\u010dilo na svoj elektronski naslov, ki ga navede v spletni trgovini\u00a0<a href=\"http:\/\/www.zlatopoposti.si\/\">www.zlatopoposti.si<\/a>\u00a0ob naro\u010dilu. Ponudnik naro\u010dene izdelke po\u0161lje skladno s pogoji dobave opredeljenimi na predra\u010dunu oz. ponudbi.<\/p><p><strong>&#8211; S pla\u010dilom po povzetju\u00a0<\/strong>znesek po\u0161tnine in vrednost izdelka kupec poravna uslu\u017ebencu Po\u0161te Slovenije v gotovini ob dostavi oziroma prevzemu izdelkov.<br \/>Stro\u0161ki po\u0161iljanja veljajo v notranjem prometu na obmo\u010dju Slovenije.<\/p><p><strong>&#8211; Z gotovino<\/strong>\u00a0ob osebnem prevzemu naro\u010denega blaga (obvezno po predhodnem dogovoru)<\/p><p><strong>Potrditev naro\u010dila<\/strong><br \/>Po oddaji naro\u010dila v spletni trgovini\u00a0<a href=\"http:\/\/www.zlatopoposti.si\/\">www.zlatopoposti.si<\/a>\u00a0uporabnik prejme obvestilo po elektronski po\u0161ti, da je naro\u010dilo sprejeto. V njem so navedeni izdelki in koli\u010dine, ki jih je uporabnik izbral in \u010de je, \u0161e znesek po\u0161tnine. Sprejeta naro\u010dila se obravnavajo kot nepreklicna in bodo izpeljana.<br \/>V primeru, da \u017eeli uporabnik odstopiti od naro\u010dila, nas lahko obvesti najkasneje v 6 urah na elektronski naslov\u00a0<a href=\"mailto:prodaja@zlatopoposti.si\">prodaja@zlatopoposti.si<\/a><br \/><span id=\"dostava\"><\/span><br \/>Spletna trgovina\u00a0<a href=\"http:\/\/www.zlatopoposti.si\/\">www.zlatopoposti.si<\/a>\u00a0si pridr\u017euje pravico, da lahko zavrne naro\u010dilo, za katerega ugotovi, da ga pod navedenimi pogoji in podatki, s katerimi razpolaga ne more izvesti. V kolikor bi uporabnik \u017ee pla\u010dal po predra\u010dunu, mu v tem primeru ponudnik naka\u017ee vso kupnino vklju\u010dno s stro\u0161ki dostave v roku 8 dni.<\/p><p><strong>Dostava naro\u010denih proizvodov<\/strong><br \/>Ponudnik izdelke dostavlja preko Po\u0161te Slovenije ali osebna dostava in prevzem po predhodnem dogovoru.\u00a0<br \/>Ponudnik naro\u010dene po\u0161iljke oddaja vsak dan, razen ob sobotah, nedeljah in praznikih. Obi\u010dajno so tako izdelki, naro\u010deni v spletni trgovini\u00a0<a href=\"http:\/\/www.zlatopoposti.si\/\">www.zlatopoposti.si<\/a>\u00a0na naslovu uporabnika v roku\u00a0<strong>1-3 delovnih\u00a0dni<\/strong>. Navedena dostava velja za izdelke na zalogi.<\/p><p><strong><span style=\"text-decoration: underline;\"><span style=\"color: #ff0000; text-decoration: underline;\">Zaradi trenutnih razmer na trgu, ki vplivajo na dobavo in razpolo\u017eljivost posameznih izdelkov, vas obve\u0161\u010damo, da so lahko dobavni roki za nekatere artikle izjemoma dalj\u0161i od obi\u010dajnih.<\/span><\/span><u><br \/><br \/><\/u><\/strong>Kadar izdelkov ni na zalogi, ponudnik obvesti naro\u010dnika o datumu dostave na elektronski naslov naveden v naro\u010dilu.<\/p><p>V primeru odsotnosti ponudnika, se le ta zavezuje, da bo naro\u010dene proizvode uporabniku dostavil najkasneje v 45 dneh od potrditve naro\u010dila po e-po\u0161ti. Ponudnik ne odgovarja za prekora\u010ditev roka dostave, \u010de je zamuda posledica drugih nepredvidenih dogodkov, ne glede na to, ali gre za zunanje dogodke ali za dogodke iz sfere ponudnika.<\/p><p><strong>Odstop fizi\u010dne osebe\u00a0od pogodbe\/nakupa<\/strong><\/p><p>Fizi\u010dne osebe, ki sklenejo pogodbo\/nakup na daljavo skladno z Zakonom o varstvu potro\u0161nikov, imajo pravico, da najkasneje v petnajstih dneh od prevzema blaga na elektronski\u00a0naslov\u00a0<a href=\"mailto:prodaja@zlatopoposti.si\">prodaja@zlatopoposti.si<\/a>\u00a0sporo\u010dijo, da odstopajo od pogodbe\/nakupa, ne da bi jim bilo treba navesti razlog za svojo odlo\u010ditev. Vrnitev prejetega naro\u010dila na na\u0161 naslov v roku za odstop (15 dni), se <span id=\"vracila\"><\/span>\u0161teje za sporo\u010dilo o odstopu od pogodbe\/nakupa. V primeru, ko kupec odstopi od pogodbe\/nakupa s sporo\u010dilom na elektronski naslov\u00a0<a href=\"mailto:prodaja@zlatopoposti.si\">prodaja@zlatopoposti.si<\/a>, mora prejeto blago na na\u0161 naslov vrniti v 30 dneh po sporo\u010dilu. Ponudnik bo znesek prejetega pla\u010dila za vrnjeno blago nakazal kupcu na njegov ban\u010dni ra\u010dun v treh dneh po prejemu vrnjenega blaga.\u00a0V kolikor kupec izdelek za\u010dne uporabljati, pa si premisli, izgubi pravico do odstopa od pogodbe\/nakupa. Tudi sicer mora prejeto blago vrniti nepo\u0161kodovano in v nespremenjeni koli\u010dini.<\/p><p><strong>Stro\u0161ke vra\u010dila blaga pla\u010da kupec.<\/strong><\/p><p>\u010ce naro\u010dilo izvede pravna ali fizi\u010dna oseba, ki opravlja pridobitno dejavnost, ne glede na njeno pravnoorganizacijsko obliko ali lastninsko pripadnost ter v primerih, ko nakup ni izveden na osnovi pogodbe, sklenjene na daljavo, dolo\u010dila prej\u0161njega odstavka ne veljajo. Morebitne zahtevke za vra\u010dilo blaga bomo v teh in podobnih primerih obravnavali individualno in pri tem v najve\u010dji mo\u017eni meri upo\u0161tevali vse razloge in okoli\u0161\u010dine.<\/p><p><strong>Reklamacije<\/strong><br \/>Ob prejemu po\u0161kodovanega, izdelka z napako ali napa\u010dnega izdelka ga mora kupec takoj oz. v najkraj\u0161em mo\u017enem \u010dasu reklamirati tako, da pisno obvesti ponudnika izdelka na naslov podjetja EKO ZLATO d.o.o., Tehnolo\u0161ki park 20, 1000 Ljubljana ali na elektronski naslov\u00a0<a href=\"mailto:prodaja@zlatopoposti.si\">prodaja@zlatopoposti.si<\/a>. Ponudnik je tak izdelek dol\u017ean zamenjati ali vrniti denar kupcu v najkraj\u0161em mo\u017enem \u010dasu. Stro\u0161ke reklamacije in dostave pla\u010da ponudnik.<\/p><p><strong>Izklju\u010ditev odgovornosti<\/strong><br \/>Ponudnik ne prevzema nobenega jamstva, da so vsebine, objavljene na spletnem mestu, to\u010dne, popolne in pravilne in ne odgovarja za morebitno \u0161kodo, ki bi nastala uporabniku, ker se je zanesel na objavljene vsebine. V nobenem primeru vsebin, objavljenih na spletnem mestu, ni mogo\u010de \u0161teti za ponudbo v smislu Obligacijskega zakonika.<\/p><p>Ponudnik ne prevzema nobenega jamstva glede delovanja ali dostopnosti spletnega mesta in ne odgovarja za morebitno \u0161kodo, ki bi nastala uporabniku, ker spletno mesto ni bilo dostopno ali ni delovalo ali ni delovalo pravilno.<\/p><p>Ponudnik ne odgovarja za \u0161kodo, ki bi zaradi uporabe spletnega mesta utegnila nastati na uporabnikovi strojni, programski ali drugi opremi. Uporabnik je dol\u017ean sam poskrbeti za primerno za\u0161\u010dito (protivirusno ipd.) opreme, s pomo\u010djo katere dostopa do spletnega mesta.<\/p><p>Slike izdelkov so simboli\u010dne in informativne ter so lahko druga\u010dne od dejansko dobavljive robe.<\/p><p><strong>Varstvo pravic intelektualne lastnine<\/strong><br \/>Celotna vsebina spletnega mesta, ne glede na obliko, v kateri je izra\u017eena, je avtorsko pravno za\u0161\u010ditena. Nosilec avtorskih pravic na objavljenih vsebinah je ponudnik oziroma oseba, za katero je to pri posamezni vsebini to izrecno navedeno.<\/p><p>Vse avtorske pravice so pridr\u017eane njihovim nosilcem. Objave vsebin na spletnem mestu v nobenem primeru ni mogo\u010de razlagati kot odpoved katerikoli avtorski pravici na vsebinah spletnega mesta.<\/p><p>Brez izrecnega vnaprej\u0161njega pisnega dovoljenja ponudnika oziroma nosilca avtorskih pravic je prepovedana kakr\u0161nakoli uporaba katerekoli vsebine, objavljene na spletnem mestu, za kakr\u0161enkoli namen, razen za oseben ogled uporabnika. Prav tako je prepovedana uporaba vsebine na na\u010din, da se celotno spletno mesto vklju\u010di v drugo spletno mesto. Kr\u0161itev ima lahko za posledico kazensko in od\u0161kodninsko odgovornost.<\/p><p><strong>Kon\u010dne dolo\u010dbe<\/strong><br \/>Ti splo\u0161ni pogoji so sestavni del pogodbe med ponudnikom in uporabnikom. Pogodba se sklepa v slovenskem jeziku. Ponudnik pogodbe ne shranjuje pri sebi.<\/p><p>Neveljavnost katerekoli dolo\u010dbe teh splo\u0161nih pogojev, ne glede na razlog neveljavnosti, ne pomeni neveljavnosti teh splo\u0161nih pogojev kot celote. V takem primeru se neveljavna dolo\u010dba \u0161teje za nezapisano, ti splo\u0161ni pogoji pa veljajo naprej brez te dolo\u010dbe.<\/p><p>Za pravna razmerja med uporabniki in ponudnikom se uporablja pravo Republike Slovenije. Za re\u0161evanje morebitnih sporov je pristojno stvarno pristojno sodi\u0161\u010de v Ljubljani.<br \/>Ti splo\u0161ni pogoji veljajo od 1.3.2023. Ponudnik si pridr\u017euje pravico spremeniti splo\u0161ne pogoje.<\/p>\t\t\t\t\t\t\t\t<\/div>\n\t\t\t\t<\/div>\n\t\t\t\t\t<\/div>\n\t\t<\/div>\n\t\t\t\t\t<\/div>\n\t\t<\/section>\n\t\t\t\t<\/div>\n\t\t","protected":false},"excerpt":{"rendered":"SPLO\u0160NI POGOJI POSLOVANJA V SPLETNI\u00a0 TRGOVINI\u00a0WWW.ZLATOPOPOSTI.SI Ti splo\u0161ni pogoji veljajo za vsakega uporabnika (v nadaljevanju: uporabnik), ki obi\u0161\u010de oziroma uporablja spletno mesto www.zlatopoposti.si, ki je v \u010dasu sprejetja teh splo\u0161nih pogojev dostopno na spletnem naslovu www.zlatopoposti.si\u00a0 (v nadaljevanju: spletno mesto) in s katerim upravlja dru\u017eba EKO ZLATO d.o.o., Tehnolo\u0161ki park 20, 1000 Ljubljana (v nadaljevanju:&#8230; <a class=\"view-article\" href=\"https:\/\/zlatopoposti.si\/bs\/splosni-pogoji-poslovanja\/\">View Article<\/a>","protected":false},"author":1,"featured_media":0,"parent":0,"menu_order":0,"comment_status":"closed","ping_status":"closed","template":"","meta":{"_acf_changed":false,"footnotes":""},"class_list":["post-34442","page","type-page","status-publish","hentry"],"acf":[],"jetpack_sharing_enabled":true,"_links":{"self":[{"href":"https:\/\/zlatopoposti.si\/bs\/wp-json\/wp\/v2\/pages\/34442","targetHints":{"allow":["GET"]}}],"collection":[{"href":"https:\/\/zlatopoposti.si\/bs\/wp-json\/wp\/v2\/pages"}],"about":[{"href":"https:\/\/zlatopoposti.si\/bs\/wp-json\/wp\/v2\/types\/page"}],"author":[{"embeddable":true,"href":"https:\/\/zlatopoposti.si\/bs\/wp-json\/wp\/v2\/users\/1"}],"replies":[{"embeddable":true,"href":"https:\/\/zlatopoposti.si\/bs\/wp-json\/wp\/v2\/comments?post=34442"}],"version-history":[{"count":19,"href":"https:\/\/zlatopoposti.si\/bs\/wp-json\/wp\/v2\/pages\/34442\/revisions"}],"predecessor-version":[{"id":36512,"href":"https:\/\/zlatopoposti.si\/bs\/wp-json\/wp\/v2\/pages\/34442\/revisions\/36512"}],"wp:attachment":[{"href":"https:\/\/zlatopoposti.si\/bs\/wp-json\/wp\/v2\/media?parent=34442"}],"curies":[{"name":"wp","href":"https:\/\/api.w.org\/{rel}","templated":true}]}}