{"id":34431,"date":"2021-07-28T09:09:06","date_gmt":"2021-07-28T07:09:06","guid":{"rendered":"https:\/\/zlatopoposti.si\/kontakt\/"},"modified":"2025-07-31T10:54:03","modified_gmt":"2025-07-31T08:54:03","slug":"kontakt","status":"publish","type":"page","link":"https:\/\/zlatopoposti.si\/bs\/kontakt\/","title":{"rendered":"Kontakt"},"content":{"rendered":"\t\t<div data-elementor-type=\"wp-page\" data-elementor-id=\"34431\" class=\"elementor elementor-34431 elementor-80\" data-elementor-post-type=\"page\">\n\t\t\t\t\t\t<section class=\"elementor-section elementor-top-section elementor-element elementor-element-33a7714 elementor-section-full_width elementor-section-height-default elementor-section-height-default\" data-id=\"33a7714\" data-element_type=\"section\" data-e-type=\"section\">\n\t\t\t\t\t\t<div class=\"elementor-container elementor-column-gap-no\">\n\t\t\t\t\t<div class=\"elementor-column elementor-col-100 elementor-top-column elementor-element elementor-element-90db2c5\" data-id=\"90db2c5\" data-element_type=\"column\" data-e-type=\"column\">\n\t\t\t<div class=\"elementor-widget-wrap elementor-element-populated\">\n\t\t\t\t\t\t<div class=\"elementor-element elementor-element-d8eddaf elementor-widget elementor-widget-shortcode\" data-id=\"d8eddaf\" data-element_type=\"widget\" data-e-type=\"widget\" data-widget_type=\"shortcode.default\">\n\t\t\t\t<div class=\"elementor-widget-container\">\n\t\t\t\t\t\t\t<div class=\"elementor-shortcode\">\t\t<div data-elementor-type=\"section\" data-elementor-id=\"34759\" class=\"elementor elementor-34759 elementor-160 elementor-160\" data-elementor-post-type=\"elementor_library\">\n\t\t\t\t\t<section class=\"elementor-section elementor-top-section elementor-element elementor-element-25a6653e elementor-section-boxed elementor-section-height-default elementor-section-height-default\" data-id=\"25a6653e\" data-element_type=\"section\" data-e-type=\"section\">\n\t\t\t\t\t\t<div class=\"elementor-container elementor-column-gap-no\">\n\t\t\t\t\t<div class=\"elementor-column elementor-col-50 elementor-top-column elementor-element elementor-element-a7d84f2\" data-id=\"a7d84f2\" data-element_type=\"column\" data-e-type=\"column\">\n\t\t\t<div class=\"elementor-widget-wrap elementor-element-populated\">\n\t\t\t\t\t\t<div class=\"elementor-element elementor-element-49b616aa elementor-widget elementor-widget-heading\" data-id=\"49b616aa\" data-element_type=\"widget\" data-e-type=\"widget\" data-widget_type=\"heading.default\">\n\t\t\t\t<div class=\"elementor-widget-container\">\n\t\t\t\t\t<h1 class=\"elementor-heading-title elementor-size-default\">O NAMA<\/h1>\t\t\t\t<\/div>\n\t\t\t\t<\/div>\n\t\t\t\t<div class=\"elementor-element elementor-element-5ba20530 elementor-widget elementor-widget-heading\" data-id=\"5ba20530\" data-element_type=\"widget\" data-e-type=\"widget\" data-widget_type=\"heading.default\">\n\t\t\t\t<div class=\"elementor-widget-container\">\n\t\t\t\t\t<h1 class=\"elementor-heading-title elementor-size-default\">ZLATNI DUKAT D.O.O.<\/h1>\t\t\t\t<\/div>\n\t\t\t\t<\/div>\n\t\t\t\t<div class=\"elementor-element elementor-element-3a7efd2 elementor-widget elementor-widget-text-editor\" data-id=\"3a7efd2\" data-element_type=\"widget\" data-e-type=\"widget\" data-widget_type=\"text-editor.default\">\n\t\t\t\t<div class=\"elementor-widget-container\">\n\t\t\t\t\t\t\t\t\t<p>Ul. Gli\u0161e Jankovi\u0107a broj 4<br \/>71210, Sarajevo-Ilid\u017ea, Bosna<\/p><p><strong>GSM: <a href=\"tel:0038763718719\">+387 63 718 719<\/a><\/strong><br \/><strong>E-MAIL ADRESA: <a href=\"mailto:prodaja@zlatopopostom.ba\">prodaja@zlatopopostom.ba<\/a><\/strong><\/p><p><strong>MBS:<\/strong> 65-01-0298-21<br \/><strong>JIB:<\/strong> 4202877480000<br \/><strong>TRR:<\/strong> 1027080000053504<\/p>\t\t\t\t\t\t\t\t<\/div>\n\t\t\t\t<\/div>\n\t\t\t\t\t<\/div>\n\t\t<\/div>\n\t\t\t\t<div class=\"elementor-column elementor-col-50 elementor-top-column elementor-element elementor-element-69040622\" data-id=\"69040622\" data-element_type=\"column\" data-e-type=\"column\">\n\t\t\t<div class=\"elementor-widget-wrap elementor-element-populated\">\n\t\t\t\t\t\t<div class=\"elementor-element elementor-element-4a16aa52 zlato-wpcf7-form elementor-widget elementor-widget-shortcode\" data-id=\"4a16aa52\" data-element_type=\"widget\" data-e-type=\"widget\" data-widget_type=\"shortcode.default\">\n\t\t\t\t<div class=\"elementor-widget-container\">\n\t\t\t\t\t\t\t<div class=\"elementor-shortcode\">\n<div class=\"wpcf7 no-js\" id=\"wpcf7-f34785-o1\" lang=\"bs-BA\" dir=\"ltr\" data-wpcf7-id=\"34785\">\n<div class=\"screen-reader-response\"><p role=\"status\" aria-live=\"polite\" aria-atomic=\"true\"><\/p> <ul><\/ul><\/div>\n<form action=\"\/bs\/wp-json\/wp\/v2\/pages\/34431#wpcf7-f34785-o1\" method=\"post\" class=\"wpcf7-form init\" aria-label=\"Kontakt obrazac\" novalidate=\"novalidate\" data-status=\"init\">\n<fieldset class=\"hidden-fields-container\"><input type=\"hidden\" name=\"_wpcf7\" value=\"34785\" \/><input type=\"hidden\" name=\"_wpcf7_version\" value=\"6.1.5\" \/><input type=\"hidden\" name=\"_wpcf7_locale\" value=\"bs_BA\" \/><input type=\"hidden\" name=\"_wpcf7_unit_tag\" value=\"wpcf7-f34785-o1\" \/><input type=\"hidden\" name=\"_wpcf7_container_post\" value=\"0\" \/><input type=\"hidden\" name=\"_wpcf7_posted_data_hash\" value=\"\" \/><input type=\"hidden\" name=\"_wpcf7_recaptcha_response\" value=\"\" \/>\n<\/fieldset>\n<p><span class=\"wpcf7-form-control-wrap\" data-name=\"your-name\"><input size=\"40\" maxlength=\"400\" class=\"wpcf7-form-control wpcf7-text wpcf7-validates-as-required\" aria-required=\"true\" aria-invalid=\"false\" placeholder=\"Ime i prezime *\" value=\"\" type=\"text\" name=\"your-name\" \/><\/span>\n<\/p>\n<p><span class=\"wpcf7-form-control-wrap\" data-name=\"your-email\"><input size=\"40\" maxlength=\"400\" class=\"wpcf7-form-control wpcf7-email wpcf7-validates-as-required wpcf7-text wpcf7-validates-as-email\" aria-required=\"true\" aria-invalid=\"false\" placeholder=\"E-mail adresa *\" value=\"\" type=\"email\" name=\"your-email\" \/><\/span>\n<\/p>\n<p><span class=\"wpcf7-form-control-wrap\" data-name=\"your-phone\"><input size=\"40\" maxlength=\"400\" class=\"wpcf7-form-control wpcf7-text wpcf7-validates-as-required\" aria-required=\"true\" aria-invalid=\"false\" placeholder=\"Telefon *\" value=\"\" type=\"text\" name=\"your-phone\" \/><\/span>\n<\/p>\n<p><span class=\"wpcf7-form-control-wrap\" data-name=\"your-message\"><textarea cols=\"40\" rows=\"10\" maxlength=\"2000\" class=\"wpcf7-form-control wpcf7-textarea\" aria-invalid=\"false\" placeholder=\"Poruka *\" name=\"your-message\"><\/textarea><\/span>\n<\/p>\n<p><span id=\"wpcf7-69e5eae886650-wrapper\" class=\"wpcf7-form-control-wrap email-pot999-wrap\" ><input type=\"hidden\" name=\"email-pot999-time-start\" value=\"1776675560\"><input type=\"hidden\" name=\"email-pot999-time-check\" value=\"5\"><input id=\"wpcf7-69e5eae886650-field\"  class=\"wpcf7-form-control wpcf7-text\" type=\"text\" name=\"email-pot999\" value=\"\" size=\"40\" tabindex=\"-1\" autocomplete=\"new-password\" \/><\/span><br \/>\nSla\u017eem se da pohranite i koristite dostavljene li\u010dne podatke kako biste me kontaktirali putem e-po\u0161te.<br \/>\nili vas telefon povremeno obavje\u0161tava o:<br \/>\n<span class=\"wpcf7-form-control-wrap\" data-name=\"StrinjamSeKontakt\"><span class=\"wpcf7-form-control wpcf7-acceptance\"><span class=\"wpcf7-list-item\"><label><input type=\"checkbox\" name=\"StrinjamSeKontakt\" value=\"1\" aria-invalid=\"false\" \/><span class=\"wpcf7-list-item-label\">Sla\u017eem se sa obradom li\u010dnih podataka u svrhu uspostavljanja kontakta.<\/span><\/label><\/span><\/span><\/span><br \/>\n<span class=\"wpcf7-form-control-wrap\" data-name=\"StrinjamSeTrzenje\"><span class=\"wpcf7-form-control wpcf7-acceptance\"><span class=\"wpcf7-list-item\"><label><input type=\"checkbox\" name=\"StrinjamSeTrzenje\" value=\"1\" aria-invalid=\"false\" \/><span class=\"wpcf7-list-item-label\"><a class=\"cf7-link-color\" href=\"\/opsti-uslovi-poslovanja\/\" target=\"_blank\">Sla\u017eem se s obradom li\u010dnih podataka u svrhu direktnog marketinga.<\/a><\/span><\/label><\/span><\/span><\/span>\n<\/p>\n<p><input class=\"wpcf7-form-control wpcf7-submit has-spinner\" type=\"submit\" value=\"PO\u0160LJI\" \/>\n<\/p><div class=\"wpcf7-response-output\" aria-hidden=\"true\"><\/div>\n<\/form>\n<\/div>\n<\/div>\n\t\t\t\t\t\t<\/div>\n\t\t\t\t<\/div>\n\t\t\t\t<div class=\"elementor-element elementor-element-702d42c8 zlato-contact-form-added-txt elementor-widget elementor-widget-text-editor\" data-id=\"702d42c8\" data-element_type=\"widget\" data-e-type=\"widget\" data-widget_type=\"text-editor.default\">\n\t\t\t\t<div class=\"elementor-widget-container\">\n\t\t\t\t\t\t\t\t\tVa\u0161e podatke \u0107emo koristiti isklju\u010divo u svrhu za koju smo dobili va\u0161u saglasnost. Va\u0161e li\u010dne podatke \u0107emo tretirati povjerljivo i ne\u0107emo ih dijeliti s tre\u0107im stranama. S va\u0161om privatno\u0161\u0107u postupamo u skladu s odredbama GDPR-a i Zakona o za\u0161titi li\u010dnih podataka.\n\nOd primanja poruka mo\u017eete se odjaviti u bilo kojem trenutku slanjem poruke na adresu e-po\u0161te: <a href=\"mailto:prodaja@zlatopoposti.si\">prodaja@zlatopoposti.si<\/a> s naslovom Odjava. Nakon obrade va\u0161eg zahtjeva za odjavu, EKO ZLATO D.O.O. prestat \u0107e vam slati sadr\u017eaj s kojeg ste se odjavili. Za detalje o odjavi, obradi i za\u0161titi li\u010dnih podataka, molimo pro\u010ditajte <a href=\"https:\/\/zlatopoposti.si\/bs\/opsti-uslovi-poslovanja\/\">op\u0161te uslove i odredbe<\/a>.\t\t\t\t\t\t\t\t<\/div>\n\t\t\t\t<\/div>\n\t\t\t\t\t<\/div>\n\t\t<\/div>\n\t\t\t\t\t<\/div>\n\t\t<\/section>\n\t\t\t\t<\/div>\n\t\t<\/div>\n\t\t\t\t\t\t<\/div>\n\t\t\t\t<\/div>\n\t\t\t\t\t<\/div>\n\t\t<\/div>\n\t\t\t\t\t<\/div>\n\t\t<\/section>\n\t\t\t\t<section class=\"elementor-section elementor-top-section elementor-element elementor-element-00444a0 elementor-section-full_width elementor-section-height-default elementor-section-height-default\" data-id=\"00444a0\" data-element_type=\"section\" data-e-type=\"section\">\n\t\t\t\t\t\t<div class=\"elementor-container elementor-column-gap-no\">\n\t\t\t\t\t<div class=\"elementor-column elementor-col-100 elementor-top-column elementor-element elementor-element-427b24a\" data-id=\"427b24a\" data-element_type=\"column\" data-e-type=\"column\">\n\t\t\t<div class=\"elementor-widget-wrap elementor-element-populated\">\n\t\t\t\t\t\t<div class=\"elementor-element elementor-element-df38da8 elementor-widget elementor-widget-menu-anchor\" data-id=\"df38da8\" data-element_type=\"widget\" data-e-type=\"widget\" data-widget_type=\"menu-anchor.default\">\n\t\t\t\t<div class=\"elementor-widget-container\">\n\t\t\t\t\t\t\t<div class=\"elementor-menu-anchor\" id=\"lokacija\"><\/div>\n\t\t\t\t\t\t<\/div>\n\t\t\t\t<\/div>\n\t\t\t\t<div class=\"elementor-element elementor-element-3de6b8f elementor-widget elementor-widget-shortcode\" data-id=\"3de6b8f\" data-element_type=\"widget\" data-e-type=\"widget\" data-widget_type=\"shortcode.default\">\n\t\t\t\t<div class=\"elementor-widget-container\">\n\t\t\t\t\t\t\t<div class=\"elementor-shortcode\">\t\t<div data-elementor-type=\"section\" data-elementor-id=\"34786\" class=\"elementor elementor-34786 elementor-158 elementor-158\" data-elementor-post-type=\"elementor_library\">\n\t\t\t\t\t<section class=\"elementor-section elementor-top-section elementor-element elementor-element-44f9f03 elementor-section-full_width elementor-section-height-default elementor-section-height-default\" data-id=\"44f9f03\" data-element_type=\"section\" data-e-type=\"section\">\n\t\t\t\t\t\t<div class=\"elementor-container elementor-column-gap-no\">\n\t\t\t\t\t<div class=\"elementor-column elementor-col-100 elementor-top-column elementor-element elementor-element-53669ee0\" data-id=\"53669ee0\" data-element_type=\"column\" data-e-type=\"column\">\n\t\t\t<div class=\"elementor-widget-wrap elementor-element-populated\">\n\t\t\t\t\t\t<div class=\"elementor-element elementor-element-41a6a8a9 elementor-widget elementor-widget-google_maps\" data-id=\"41a6a8a9\" data-element_type=\"widget\" data-e-type=\"widget\" data-widget_type=\"google_maps.default\">\n\t\t\t\t<div class=\"elementor-widget-container\">\n\t\t\t\t\t\t\t<div class=\"elementor-custom-embed\">\n\t\t\t<iframe loading=\"lazy\"\n\t\t\t\t\tsrc=\"https:\/\/maps.google.com\/maps?q=Gli%C5%A1e%20Jankovi%C4%87a%204%2C%20Sarajevo&#038;t=m&#038;z=14&#038;output=embed&#038;iwloc=near\"\n\t\t\t\t\ttitle=\"Gli\u0161e Jankovi\u0107a 4, Sarajevo\"\n\t\t\t\t\taria-label=\"Gli\u0161e Jankovi\u0107a 4, Sarajevo\"\n\t\t\t><\/iframe>\n\t\t<\/div>\n\t\t\t\t\t\t<\/div>\n\t\t\t\t<\/div>\n\t\t\t\t\t<\/div>\n\t\t<\/div>\n\t\t\t\t\t<\/div>\n\t\t<\/section>\n\t\t\t\t<\/div>\n\t\t<\/div>\n\t\t\t\t\t\t<\/div>\n\t\t\t\t<\/div>\n\t\t\t\t<div class=\"elementor-element elementor-element-6c83fa3 elementor-align-center elementor-widget elementor-widget-button\" data-id=\"6c83fa3\" data-element_type=\"widget\" data-e-type=\"widget\" data-widget_type=\"button.default\">\n\t\t\t\t<div class=\"elementor-widget-container\">\n\t\t\t\t\t\t\t\t\t<div class=\"elementor-button-wrapper\">\n\t\t\t\t\t<a class=\"elementor-button elementor-button-link elementor-size-sm\" href=\"https:\/\/www.google.com\/maps?ll=46.050444,14.460298&#038;z=14&#038;t=m&#038;hl=sl-SI&#038;gl=US&#038;mapclient=embed&#038;cid=13846903980507998437\" target=\"_blank\" rel=\"noopener\">\n\t\t\t\t\t\t<span class=\"elementor-button-content-wrapper\">\n\t\t\t\t\t\t\t\t\t<span class=\"elementor-button-text\">Pogledajte ve\u0107u mapu ili u mobilnoj aplikaciji<\/span>\n\t\t\t\t\t<\/span>\n\t\t\t\t\t<\/a>\n\t\t\t\t<\/div>\n\t\t\t\t\t\t\t\t<\/div>\n\t\t\t\t<\/div>\n\t\t\t\t\t<\/div>\n\t\t<\/div>\n\t\t\t\t\t<\/div>\n\t\t<\/section>\n\t\t\t\t<\/div>\n\t\t","protected":false},"excerpt":{"rendered":"Pogledajte ve\u0107u mapu ili u mobilnoj aplikaciji","protected":false},"author":1,"featured_media":0,"parent":0,"menu_order":0,"comment_status":"closed","ping_status":"closed","template":"","meta":{"_acf_changed":false,"footnotes":""},"class_list":["post-34431","page","type-page","status-publish","hentry"],"acf":[],"jetpack_sharing_enabled":true,"_links":{"self":[{"href":"https:\/\/zlatopoposti.si\/bs\/wp-json\/wp\/v2\/pages\/34431","targetHints":{"allow":["GET"]}}],"collection":[{"href":"https:\/\/zlatopoposti.si\/bs\/wp-json\/wp\/v2\/pages"}],"about":[{"href":"https:\/\/zlatopoposti.si\/bs\/wp-json\/wp\/v2\/types\/page"}],"author":[{"embeddable":true,"href":"https:\/\/zlatopoposti.si\/bs\/wp-json\/wp\/v2\/users\/1"}],"replies":[{"embeddable":true,"href":"https:\/\/zlatopoposti.si\/bs\/wp-json\/wp\/v2\/comments?post=34431"}],"version-history":[{"count":4,"href":"https:\/\/zlatopoposti.si\/bs\/wp-json\/wp\/v2\/pages\/34431\/revisions"}],"predecessor-version":[{"id":35222,"href":"https:\/\/zlatopoposti.si\/bs\/wp-json\/wp\/v2\/pages\/34431\/revisions\/35222"}],"wp:attachment":[{"href":"https:\/\/zlatopoposti.si\/bs\/wp-json\/wp\/v2\/media?parent=34431"}],"curies":[{"name":"wp","href":"https:\/\/api.w.org\/{rel}","templated":true}]}}